{"id":5,"date":"2015-02-02T14:16:43","date_gmt":"2015-02-02T14:16:43","guid":{"rendered":"http:\/\/performingcitizenship.de\/data\/?page_id=5"},"modified":"2016-09-14T13:58:57","modified_gmt":"2016-09-14T13:58:57","slug":"forschungsprogramm","status":"publish","type":"page","link":"http:\/\/performingcitizenship.de\/data\/","title":{"rendered":"[:de]Forschungsprogramm[:en]Research Program[:]"},"content":{"rendered":"<p>[:de]<\/p>\n<h1>Graduiertenkolleg Performing Citizenship<\/h1>\n<p align=\"LEFT\">In den St\u00e4dten des 21. Jahrhunderts entwickeln sich neue Formen von B\u00fcrgerschaft, die sich selbstbestimmt und oft in kreativen Formaten organisieren, um ihr Zusammenleben nicht nur auszuhandeln, sondern auch konkret zu gestalten. Sichtbar wird ein, auch von den Wissenschaften beobachteter Gap zwischen traditionellen Institutionen wie Parteien, Beh\u00f6rden oder Gewerkschaften, und einer selbstbewussten und selbstorganisierten neuen B\u00fcrgerschaft, die ihren Beitrag zur Bew\u00e4ltigung urbaner Krisensituationen immer \u00f6fter auch mit k\u00fcnstlerischen Mitteln leistet. L\u00e4sst sich jenseits unseres repr\u00e4sentativen Demokratie-Systems eine \u201e<span lang=\"fr-FR\">performative Demokratie<\/span>\u201c denken?<\/p>\n<p align=\"LEFT\">Das Graduiertenkolleg untersucht Artikulationen dieser neuen urbanen B\u00fcrgerschaft, die ihre Lust und ihr Recht auf Mitbestimmung praktisch und mit performativen Mitteln umsetzt, unter dem Begriff Performing Citizenship. Gemeinsam getragen von Universit\u00e4ten und k\u00fcnstlerischen Institutionen erforscht das Kolleg seinen Gegenstand nicht nur rein wissenschaftlich, sondern auch mit k\u00fcnstlerischen Experimenten und Interventionen. Der Zugang ist transdisziplin\u00e4r und verbindet Perspektiven der Urban Studies, der Performance Studies, der kulturellen Bildung, des Designs, der Ethnographie, der Philosophie und der Choreographie.<\/p>\n<p align=\"LEFT\">Weitere Informationen zum Graduiertenkolleg <strong>Performing Citizenship<\/strong> finden Sie <a href=\"http:\/\/performingcitizenship.de\/data\/wp-content\/uploads\/2015\/02\/Performing-Citizenship.pdf\" target=\"_blank\">hier<\/a>\u00a0(PDF).<\/p>\n<p align=\"LEFT\">Die <a href=\"http:\/\/performingcitizenship.de\/data\/praesentationswochen-des-graduiertenkollegs\/\" target=\"_blank\">Pr\u00e4sentationswochen<\/a> des Graduiertenkollegs PERFORMING CITIZENSHIP finden vom 18.-30. April 2016 statt. Die digitale Programmvorschau der &#8222;Artikulationen urbaner B\u00fcrger_innenschaft\/en&#8220; gibt es <a href=\"http:\/\/performingcitizenship.de\/data\/wp-content\/uploads\/2016\/02\/GraKo_Programmheft_digital3.pdf\">hier (PDF).<\/a><\/p>\n<p>[:en]<\/p>\n<h1>Graduate School Performing Citizenship<\/h1>\n<p align=\"LEFT\">New forms of citizenship are developing in the cities of the 21st century: self-organized and independent from the state and often creatively they do not only negotiate but also practically shape the way of how we live together. Performing Citizenship explores the articulations of this new urban citizenship, which puts into practice its desire and right for participation with performative means. Is it possible to think a \u201cperformative democracy\u201d beyond our system of representative democracy? What comes into focus is a gap between traditional institutions such as political parties, public authorities or unions and a self confident and self-organized (nonviolent) new citizenry, which increasingly contributes to resolving urban crisis situations with artistic means.<\/p>\n<p align=\"LEFT\">The Graduate School aims to analyze this performative turn under the term \u201cperforming citizenship\u201d. Since artistic practices play an important role in this context, the postgraduate programme is conceived methodologically as an artistic academic cooperation. The three-year programme qualifies doctoral candidates both artistically and academically, and can thus contribute to ground and advance Hamburg&#8217;s pioneering role in the development (and sophistication) of artistic research. The Graduate School includes a colloquium, workshops, public events, practical experiments and interventions in public space to investigate Performing Citizenship from a multi- and transdisciplinary perspective blending urban studies, cultural education, choreography, philosophy, urban design and cultural studies.<\/p>\n<p align=\"LEFT\">More information in German about the Graduate School <a href=\"http:\/\/www.versammlung-und-teilhabe.de\/cms\/wp-content\/uploads\/2014\/11\/Performing-Citizenship_Antrag.pdf\">Performing Citizenship<\/a> can be found here.<\/p>\n<p>[:]<\/p>\n","protected":false},"excerpt":{"rendered":"<p class=\"excerpt\">[:de] Graduiertenkolleg Performing Citizenship In den St\u00e4dten des 21. Jahrhunderts entwickeln sich neue Formen von B\u00fcrgerschaft, die sich selbstbestimmt und oft in kreativen Formaten organisieren, um ihr Zusammenleben nicht nur auszuhandeln, sondern auch konkret zu gestalten. Sichtbar wird ein, auch von den Wissenschaften beobachteter Gap zwischen traditionellen Institutionen wie Parteien, Beh\u00f6rden oder Gewerkschaften, und einer selbstbewussten und selbstorganisierten neuen B\u00fcrgerschaft,&hellip;<\/p>\n<p class=\"more-link-p\"><a class=\"btn btn-default\" href=\"http:\/\/performingcitizenship.de\/data\/\">Read more<\/a><\/p>\n","protected":false},"author":1,"featured_media":0,"parent":0,"menu_order":0,"comment_status":"closed","ping_status":"closed","template":"","meta":{"spay_email":""},"jetpack_sharing_enabled":true,"jetpack_shortlink":"https:\/\/wp.me\/P5HiMl-5","_links":{"self":[{"href":"http:\/\/performingcitizenship.de\/data\/wp-json\/wp\/v2\/pages\/5"}],"collection":[{"href":"http:\/\/performingcitizenship.de\/data\/wp-json\/wp\/v2\/pages"}],"about":[{"href":"http:\/\/performingcitizenship.de\/data\/wp-json\/wp\/v2\/types\/page"}],"author":[{"embeddable":true,"href":"http:\/\/performingcitizenship.de\/data\/wp-json\/wp\/v2\/users\/1"}],"replies":[{"embeddable":true,"href":"http:\/\/performingcitizenship.de\/data\/wp-json\/wp\/v2\/comments?post=5"}],"version-history":[{"count":26,"href":"http:\/\/performingcitizenship.de\/data\/wp-json\/wp\/v2\/pages\/5\/revisions"}],"predecessor-version":[{"id":1258,"href":"http:\/\/performingcitizenship.de\/data\/wp-json\/wp\/v2\/pages\/5\/revisions\/1258"}],"wp:attachment":[{"href":"http:\/\/performingcitizenship.de\/data\/wp-json\/wp\/v2\/media?parent=5"}],"curies":[{"name":"wp","href":"https:\/\/api.w.org\/{rel}","templated":true}]}}