{"id":24,"date":"2015-02-02T15:06:58","date_gmt":"2015-02-02T15:06:58","guid":{"rendered":"http:\/\/performingcitizenship.de\/data\/?page_id=24"},"modified":"2015-03-17T17:02:58","modified_gmt":"2015-03-17T17:02:58","slug":"kontakt","status":"publish","type":"page","link":"http:\/\/performingcitizenship.de\/data\/kontakt\/","title":{"rendered":"[:de]Kontakt[:en]Contact[:]"},"content":{"rendered":"<p>[:de]<strong>Kontakt:\u00a0<\/strong><a title=\"contact@performingcitizenship.de\" href=\"mailto:con%74%61%63%74@perfo%72%6d%69ng%63%69%74izen%73%68%69%70.d%65\">contact@performingcitizenship.de<\/a><\/p>\n<p>\u00a0<\/p>\n<p><strong>Impressum:<br \/>\n<\/strong>Inhaltlich Verantwortliche gem\u00e4\u00df \u00a7 6 MDStV:<br \/>\nPaula Hildebrandt<\/p>\n<p><strong>Design:\u00a0<\/strong><br \/>\nMichael Thomas<br \/>\n<a href=\"http:\/\/www.bureau-k.de\" target=\"_blank\"><img loading=\"lazy\" class=\"alignnone  wp-image-398\" src=\"http:\/\/performingcitizenship.de\/data\/wp-content\/uploads\/2015\/02\/BK-Logo-BW.png\" alt=\"BK-Logo-BW\" width=\"67\" height=\"28\" srcset=\"http:\/\/performingcitizenship.de\/data\/wp-content\/uploads\/2015\/02\/BK-Logo-BW.png 456w, http:\/\/performingcitizenship.de\/data\/wp-content\/uploads\/2015\/02\/BK-Logo-BW-400x175.png 400w\" sizes=\"(max-width: 67px) 100vw, 67px\" \/><\/a><\/p>\n<p>\u00a0<\/p>\n<p><strong>Haftungshinweis:<\/strong><br \/>\nTrotz sorgf\u00e4ltiger inhaltlicher Kontrolle \u00fcbernehmen wir keine Haftung f\u00fcr die Inhalte externer Links.<br \/>\nF\u00fcr den Inhalt der verlinkten Seiten sind ausschlie\u00dflich deren Betreiber verantwortlich.<\/p>\n<p><strong>Haftungsausschluss:<\/strong><\/p>\n<p>Haftung f\u00fcr Inhalte<br \/>\nDie Inhalte unserer Seiten wurden mit gr\u00f6\u00dfter Sorgfalt erstellt. F\u00fcr die Richtigkeit, Vollst\u00e4ndigkeit und Aktualit\u00e4t der Inhalte k\u00f6nnen wir jedoch keine Gew\u00e4hr \u00fcbernehmen. Als Diensteanbieter sind wir gem\u00e4\u00df \u00a7 7 Abs.1 TMG f\u00fcr eigene Inhalte auf diesen Seiten nach den allgemeinen Gesetzen verantwortlich. Nach \u00a7\u00a7 8 bis 10 TMG sind wir als Diensteanbieter jedoch nicht verpflichtet, \u00fcbermittelte oder gespeicherte fremde Informationen zu \u00fcberwachen oder nach Umst\u00e4nden zu forschen, die auf eine rechtswidrige T\u00e4tigkeit hinweisen. Verpflichtungen zur Entfernung oder Sperrung der Nutzung von Informationen nach den allgemeinen Gesetzen bleiben hiervon unber\u00fchrt. Eine diesbez\u00fcgliche Haftung ist jedoch erst ab dem Zeitpunkt der Kenntnis einer konkreten Rechtsverletzung m\u00f6glich. Bei Bekanntwerden von entsprechenden Rechtsverletzungen werden wir diese Inhalte umgehend entfernen.<\/p>\n<p>Haftung f\u00fcr Links<br \/>\nUnser Angebot enth\u00e4lt Links zu externen Webseiten Dritter, auf deren Inhalte wir keinen Einfluss haben. Deshalb k\u00f6nnen wir f\u00fcr diese fremden Inhalte auch keine Gew\u00e4hr \u00fcbernehmen. F\u00fcr die Inhalte der verlinkten Seiten ist stets der jeweilige Anbieter oder Betreiber der Seiten verantwortlich. Die verlinkten Seiten wurden zum Zeitpunkt der Verlinkung auf m\u00f6gliche Rechtsverst\u00f6\u00dfe \u00fcberpr\u00fcft. Rechtswidrige Inhalte waren zum Zeitpunkt der Verlinkung nicht erkennbar. Eine permanente inhaltliche Kontrolle der verlinkten Seiten ist jedoch ohne konkrete Anhaltspunkte einer Rechtsverletzung nicht zumutbar. Bei Bekanntwerden von Rechtsverletzungen werden wir derartige Links umgehend entfernen.<\/p>\n<p>Urheberrecht<br \/>\nDie durch die Seitenbetreiber erstellten bzw. verwendeten Inhalte und Werke auf diesen Seiten unterliegen dem deutschen Urheberrecht. Die Vervielf\u00e4ltigung, Bearbeitung, Verbreitung und jede Art der Verwertung au\u00dferhalb der Grenzen des Urheberrechtes bed\u00fcrfen der Zustimmung des jeweiligen Autors bzw. Erstellers. Downloads und Kopien dieser Seite sind nur f\u00fcr den privaten, nicht kommerziellen Gebrauch gestattet. Soweit die Inhalte auf dieser Seite nicht vom Betreiber erstellt wurden, werden die Urheberrechte Dritter beachtet. Insbesondere werden Inhalte Dritter als solche gekennzeichnet. Sollten Sie trotzdem auf eine Urheberrechtsverletzung aufmerksam werden, bitten wir um einen entsprechenden Hinweis. Bei Bekanntwerden von Rechtsverletzungen werden wir derartige Inhalte umgehend entfernen.[:en]<strong>Contact:\u00a0<\/strong><a title=\"contact@performingcitizenship.de\" href=\"mailto:con%74%61%63%74@perfo%72%6d%69ng%63%69%74izen%73%68%69%70.d%65\">contact@performingcitizenship.de<\/a><\/p>\n<p>\u00a0<\/p>\n<p><strong>Colphon:<br \/>\n<\/strong>Inhaltlich Verantwortliche gem\u00e4\u00df \u00a7 6 MDStV:<br \/>\n<span style=\"font-size: 16px;\">Paula Hildebrandt<\/span><\/p>\n<p><strong>Design:\u00a0<\/strong><br \/>\nMichael Thomas<br \/>\n<a href=\"http:\/\/www.bureau-k.de\" target=\"_blank\"><img loading=\"lazy\" class=\"alignnone  wp-image-398\" src=\"http:\/\/performingcitizenship.de\/data\/wp-content\/uploads\/2015\/02\/BK-Logo-BW.png\" alt=\"BK-Logo-BW\" width=\"67\" height=\"28\" srcset=\"http:\/\/performingcitizenship.de\/data\/wp-content\/uploads\/2015\/02\/BK-Logo-BW.png 456w, http:\/\/performingcitizenship.de\/data\/wp-content\/uploads\/2015\/02\/BK-Logo-BW-400x175.png 400w\" sizes=\"(max-width: 67px) 100vw, 67px\" \/><\/a><\/p>\n<p>\u00a0<\/p>\n<p><strong>Haftungshinweis:<\/strong><br \/>\nTrotz sorgf\u00e4ltiger inhaltlicher Kontrolle \u00fcbernehmen wir keine Haftung f\u00fcr die Inhalte externer Links.<br \/>\nF\u00fcr den Inhalt der verlinkten Seiten sind ausschlie\u00dflich deren Betreiber verantwortlich.<\/p>\n<p><strong>Haftungsausschluss:<\/strong><\/p>\n<p>Haftung f\u00fcr Inhalte<br \/>\nDie Inhalte unserer Seiten wurden mit gr\u00f6\u00dfter Sorgfalt erstellt. F\u00fcr die Richtigkeit, Vollst\u00e4ndigkeit und Aktualit\u00e4t der Inhalte k\u00f6nnen wir jedoch keine Gew\u00e4hr \u00fcbernehmen. Als Diensteanbieter sind wir gem\u00e4\u00df \u00a7 7 Abs.1 TMG f\u00fcr eigene Inhalte auf diesen Seiten nach den allgemeinen Gesetzen verantwortlich. Nach \u00a7\u00a7 8 bis 10 TMG sind wir als Diensteanbieter jedoch nicht verpflichtet, \u00fcbermittelte oder gespeicherte fremde Informationen zu \u00fcberwachen oder nach Umst\u00e4nden zu forschen, die auf eine rechtswidrige T\u00e4tigkeit hinweisen. Verpflichtungen zur Entfernung oder Sperrung der Nutzung von Informationen nach den allgemeinen Gesetzen bleiben hiervon unber\u00fchrt. Eine diesbez\u00fcgliche Haftung ist jedoch erst ab dem Zeitpunkt der Kenntnis einer konkreten Rechtsverletzung m\u00f6glich. Bei Bekanntwerden von entsprechenden Rechtsverletzungen werden wir diese Inhalte umgehend entfernen.<\/p>\n<p>Haftung f\u00fcr Links<br \/>\nUnser Angebot enth\u00e4lt Links zu externen Webseiten Dritter, auf deren Inhalte wir keinen Einfluss haben. Deshalb k\u00f6nnen wir f\u00fcr diese fremden Inhalte auch keine Gew\u00e4hr \u00fcbernehmen. F\u00fcr die Inhalte der verlinkten Seiten ist stets der jeweilige Anbieter oder Betreiber der Seiten verantwortlich. Die verlinkten Seiten wurden zum Zeitpunkt der Verlinkung auf m\u00f6gliche Rechtsverst\u00f6\u00dfe \u00fcberpr\u00fcft. Rechtswidrige Inhalte waren zum Zeitpunkt der Verlinkung nicht erkennbar. Eine permanente inhaltliche Kontrolle der verlinkten Seiten ist jedoch ohne konkrete Anhaltspunkte einer Rechtsverletzung nicht zumutbar. Bei Bekanntwerden von Rechtsverletzungen werden wir derartige Links umgehend entfernen.<\/p>\n<p>Urheberrecht<br \/>\nDie durch die Seitenbetreiber erstellten bzw. verwendeten Inhalte und Werke auf diesen Seiten unterliegen dem deutschen Urheberrecht. Die Vervielf\u00e4ltigung, Bearbeitung, Verbreitung und jede Art der Verwertung au\u00dferhalb der Grenzen des Urheberrechtes bed\u00fcrfen der Zustimmung des jeweiligen Autors bzw. Erstellers. Downloads und Kopien dieser Seite sind nur f\u00fcr den privaten, nicht kommerziellen Gebrauch gestattet. Soweit die Inhalte auf dieser Seite nicht vom Betreiber erstellt wurden, werden die Urheberrechte Dritter beachtet. Insbesondere werden Inhalte Dritter als solche gekennzeichnet. Sollten Sie trotzdem auf eine Urheberrechtsverletzung aufmerksam werden, bitten wir um einen entsprechenden Hinweis. Bei Bekanntwerden von Rechtsverletzungen werden wir derartige Inhalte umgehend entfernen.[:]<\/p>\n","protected":false},"excerpt":{"rendered":"<p class=\"excerpt\">[:de]Kontakt:\u00a0contact@performingcitizenship.de \u00a0 Impressum: Inhaltlich Verantwortliche gem\u00e4\u00df \u00a7 6 MDStV: Paula Hildebrandt Design:\u00a0 Michael Thomas \u00a0 Haftungshinweis: Trotz sorgf\u00e4ltiger inhaltlicher Kontrolle \u00fcbernehmen wir keine Haftung f\u00fcr die Inhalte externer Links. F\u00fcr den Inhalt der verlinkten Seiten sind ausschlie\u00dflich deren Betreiber verantwortlich. Haftungsausschluss: Haftung f\u00fcr Inhalte Die Inhalte unserer Seiten wurden mit gr\u00f6\u00dfter Sorgfalt erstellt. F\u00fcr die Richtigkeit, Vollst\u00e4ndigkeit und Aktualit\u00e4t der&hellip;<\/p>\n<p class=\"more-link-p\"><a class=\"btn btn-default\" href=\"http:\/\/performingcitizenship.de\/data\/kontakt\/\">Read more<\/a><\/p>\n","protected":false},"author":1,"featured_media":0,"parent":0,"menu_order":0,"comment_status":"closed","ping_status":"closed","template":"","meta":{"spay_email":""},"jetpack_sharing_enabled":true,"jetpack_shortlink":"https:\/\/wp.me\/P5HiMl-o","_links":{"self":[{"href":"http:\/\/performingcitizenship.de\/data\/wp-json\/wp\/v2\/pages\/24"}],"collection":[{"href":"http:\/\/performingcitizenship.de\/data\/wp-json\/wp\/v2\/pages"}],"about":[{"href":"http:\/\/performingcitizenship.de\/data\/wp-json\/wp\/v2\/types\/page"}],"author":[{"embeddable":true,"href":"http:\/\/performingcitizenship.de\/data\/wp-json\/wp\/v2\/users\/1"}],"replies":[{"embeddable":true,"href":"http:\/\/performingcitizenship.de\/data\/wp-json\/wp\/v2\/comments?post=24"}],"version-history":[{"count":39,"href":"http:\/\/performingcitizenship.de\/data\/wp-json\/wp\/v2\/pages\/24\/revisions"}],"predecessor-version":[{"id":404,"href":"http:\/\/performingcitizenship.de\/data\/wp-json\/wp\/v2\/pages\/24\/revisions\/404"}],"wp:attachment":[{"href":"http:\/\/performingcitizenship.de\/data\/wp-json\/wp\/v2\/media?parent=24"}],"curies":[{"name":"wp","href":"https:\/\/api.w.org\/{rel}","templated":true}]}}