{"id":125,"date":"2015-02-24T10:59:39","date_gmt":"2015-02-24T10:59:39","guid":{"rendered":"http:\/\/performingcitizenship.de\/data\/?page_id=125"},"modified":"2015-04-08T06:01:07","modified_gmt":"2015-04-08T06:01:07","slug":"netzwerk","status":"publish","type":"page","link":"http:\/\/performingcitizenship.de\/data\/netzwerk\/","title":{"rendered":"Netzwerk"},"content":{"rendered":"<p>[:de]<strong>WISSENSCHAFT<\/strong><\/p>\n<p><strong>Prof. Dr. Seven Connor<\/strong>, Professor of English in the University of Cambridge and Fellow of<br \/>\nPeterhouse, Cambridge, Department of English and Humanities, Birkbeck College, Malet<br \/>\nStreet, London WC1E 7HX\/ Peterhouse Cambridge CB2 1RD\/Gro\u00dfbritannien,<br \/>\ns.connor@bbk.ac.uk, <a href=\"http:\/\/www.stevenconnor.com\">http:\/\/www.stevenconnor.com<\/a><\/p>\n<p><strong>PD Dr. Kai van Eikels<\/strong>, Philosoph, Kultur-, Literatur-, Theaterwissenschaftler, Institut f\u00fcr<br \/>\nTheaterwissenschaft, Freie Universit\u00e4t Berlin, Grunewaldstr. 35, 12165 Berlin, alles.<br \/>\nfliesst@gmx.net<\/p>\n<p><strong>Dr. Stephan Lanz<\/strong>, Stadtforscher, Europa-Universit\u00e4t Viadrina, Wirtschafts- und Sozialgeographie,<br \/>\nGro\u00dfe Scharrnstra\u00dfe 59, 15230 Frankfurt\/Oder, lanz@europa-uni.de<\/p>\n<p><strong>Prof. Dr. Robert Schmidt<\/strong>, Professor f\u00fcr Prozessorientierte Soziologie, Katholische Universit\u00e4t<br \/>\nEichst\u00e4tt-Ingolstadt (ab SoSe 2014) Geschichts- und Gesellschaftswissenschaftliche Fakult\u00e4t,<br \/>\nUniversit\u00e4tsallee 1, 85072 Eichst\u00e4tt.<\/p>\n<p><strong>Prof. Dr. Sergio Tamayo Flores-Alatorre<\/strong>, Professor f\u00fcr Soziologie, Universidad Aut\u00f3noma<br \/>\nMetropolitana Azcapotzalco, Departamento de Sociolog\u00eda, Col. Del Valle, M\u00e9xico, D.F.C.P. ,<br \/>\ne-mail: sergiotamayo1@prodigy.net.mx, <a href=\"http:\/\/sergiotamayo.wordpress.com\/\" target=\"_blank\">http:\/\/sergiotamayo.wordpress.com\/<\/a><\/p>\n<p><strong>Dr. Vassilis Tsianos<\/strong>, Migrationsforscher, Universit\u00e4t Hamburg, Fakult\u00e4t Wirtschafts- und<br \/>\nSozialwissenschaften, Fachbereich Sozialwissenschaften, Programmbereich Soziologie, Allende<br \/>\nPlatz 1, 20146 Hamburg, vassilis.tsianos@wiso.uni-hamburg.de<\/p>\n<p><strong>Prof. Dr. Philip Ursprung<\/strong>, ETH Z\u00fcrich, Institut f\u00fcr Geschichte und Theorie der Architektur,<br \/>\nProfessur f\u00fcr Kunst- und Architekturgeschichte, Stefano-Franscini-Platz 5, 8093 Z\u00fcrich\/<br \/>\nSchweiz, philip.ursprung@gta.arch.ethz.ch<\/p>\n<p><strong>KUNST<\/strong><\/p>\n<p><strong>Jochen Becker<\/strong> (metroZones \u2013 Zentrum f\u00fcr st\u00e4dtische Angelegenheiten) Direktor des \u201eArt &amp;<br \/>\nArchitecture\u201c Programms am Kungliga Konsth\u00f6gskolan (KKH \/ Royal Institut of Art) Stockholm\/<br \/>\nSchweden, Flaggmansv\u00e4gen 1, 111 49 Stockholm, Schweden, plaann@gmx.net<\/p>\n<p><strong>Bitter\/Weber<\/strong>, K\u00fcnstler-Duo\/Fotografie, Vancouver\/Wien, Lorenz Mandl Gasse 33, 21160<br \/>\nWien, \u00d6sterreich, office@lot.at<\/p>\n<p><strong>Guillermo Gomez-Pena\/La Pocha Nostra<\/strong>: Performancek\u00fcnstler\/Schriftsteller, San Francisco\/<br \/>\nMexico City, 2857 24th Street San Francisco, CA 94110\/USA, pocha@pochanostra.com,<br \/>\nwww.pochanostra.com<\/p>\n<p><strong>Prof. Jesko Fezer<\/strong>, Professor f\u00fcr Experimentelles Design, Hochschule f\u00fcr bildende K\u00fcnste<br \/>\nHamburg, Lerchenfeld 2, 22081 Hamburg, jesko.fezer@hfbk-hamburg.de \/<br \/>\n<a href=\"http:\/\/www.jeskofezer.de\" target=\"_blank\">www.jeskofezer.de<\/a><\/p>\n<p><strong>Cornelius Puschke<\/strong>, Gastprofessor an der HAW Hamburg f\u00fcr szenisches Schreiben\/<br \/>\nDramaturgie mit dem Schwerpunkt k\u00fcnstlerische Forschung, freier Dramaturg, u.a. f\u00fcr<br \/>\ndie Theatergruppe \u201eRimini Protokoll\u201c<\/p>\n<p><strong>Joshua Sofaer<\/strong>, Performancek\u00fcnstler, London, info@joshuasofaer.com<br \/>\n<a href=\"http:\/\/www.joshuasofaer.com\" target=\"_blank\">www.joshuasofaer.com<\/a><\/p>\n<p><strong>Dr. Ana Vujanovic<\/strong>, Gastprofessorin Performance Studies, Universit\u00e4t Hamburg, Fakult\u00e4t f\u00fcr<br \/>\nErziehungswissenschaft, Psychologie und Bewegungswissenschaft, Feldbrunnenstr. 70,<br \/>\n20148 Hamburg, ana.vujanovic@uni-hamburg.de, <a href=\"http:\/\/www.anavujanovic.info\" target=\"_blank\">http:\/\/www.anavujanovic.info<\/a><\/p>\n<p><strong>Dr. Stefanie Wenner<\/strong>, freie Kuratorin\/Dozentin\/Autorin (u.a. Impulse, HAU), Turinerstr. 12,<br \/>\n13347 Berlin.[:en]<strong>WISSENSCHAFT<\/strong><\/p>\n<p><strong>Prof. Dr. Seven Connor<\/strong>, Professor of English in the University of Cambridge and Fellow of<br \/>\nPeterhouse, Cambridge, Department of English and Humanities, Birkbeck College, Malet<br \/>\nStreet, London WC1E 7HX\/ Peterhouse Cambridge CB2 1RD\/Gro\u00dfbritannien,<br \/>\ns.connor@bbk.ac.uk, <a href=\"http:\/\/www.stevenconnor.com\">http:\/\/www.stevenconnor.com<\/a><\/p>\n<p><strong>PD Dr. Kai van Eikels<\/strong>, Philosoph, Kultur-, Literatur-, Theaterwissenschaftler, Institut f\u00fcr<br \/>\nTheaterwissenschaft, Freie Universit\u00e4t Berlin, Grunewaldstr. 35, 12165 Berlin, alles.<br \/>\nfliesst@gmx.net<\/p>\n<p><strong>Dr. Stephan Lanz<\/strong>, Stadtforscher, Europa-Universit\u00e4t Viadrina, Wirtschafts- und Sozialgeographie,<br \/>\nGro\u00dfe Scharrnstra\u00dfe 59, 15230 Frankfurt\/Oder, lanz@europa-uni.de<\/p>\n<p><strong>Prof. Dr. Robert Schmidt<\/strong>, Professor f\u00fcr Prozessorientierte Soziologie, Katholische Universit\u00e4t<br \/>\nEichst\u00e4tt-Ingolstadt (ab SoSe 2014) Geschichts- und Gesellschaftswissenschaftliche Fakult\u00e4t,<br \/>\nUniversit\u00e4tsallee 1, 85072 Eichst\u00e4tt.<\/p>\n<p><strong>Prof. Dr. Sergio Tamayo Flores-Alatorre<\/strong>, Professor f\u00fcr Soziologie, Universidad Aut\u00f3noma<br \/>\nMetropolitana Azcapotzalco, Departamento de Sociolog\u00eda, Col. Del Valle, M\u00e9xico, D.F.C.P. ,<br \/>\ne-mail: sergiotamayo1@prodigy.net.mx, <a href=\"http:\/\/sergiotamayo.wordpress.com\/\" target=\"_blank\">http:\/\/sergiotamayo.wordpress.com\/<\/a><\/p>\n<p><strong>Dr. Vassilis Tsianos<\/strong>, Migrationsforscher, Universit\u00e4t Hamburg, Fakult\u00e4t Wirtschafts- und<br \/>\nSozialwissenschaften, Fachbereich Sozialwissenschaften, Programmbereich Soziologie, Allende<br \/>\nPlatz 1, 20146 Hamburg, vassilis.tsianos@wiso.uni-hamburg.de<\/p>\n<p><strong>Prof. Dr. Philip Ursprung<\/strong>, ETH Z\u00fcrich, Institut f\u00fcr Geschichte und Theorie der Architektur,<br \/>\nProfessur f\u00fcr Kunst- und Architekturgeschichte, Stefano-Franscini-Platz 5, 8093 Z\u00fcrich\/<br \/>\nSchweiz, philip.ursprung@gta.arch.ethz.ch<\/p>\n<p><strong>KUNST<\/strong><\/p>\n<p><strong>Jochen Becker<\/strong> (metroZones \u2013 Zentrum f\u00fcr st\u00e4dtische Angelegenheiten) Direktor des \u201eArt &amp;<br \/>\nArchitecture\u201c Programms am Kungliga Konsth\u00f6gskolan (KKH \/ Royal Institut of Art) Stockholm\/<br \/>\nSchweden, Flaggmansv\u00e4gen 1, 111 49 Stockholm, Schweden, plaann@gmx.net<\/p>\n<p><strong>Bitter\/Weber<\/strong>, K\u00fcnstler-Duo\/Fotografie, Vancouver\/Wien, Lorenz Mandl Gasse 33, 21160<br \/>\nWien, \u00d6sterreich, office@lot.at<\/p>\n<p><strong>Guillermo Gomez-Pena\/La Pocha Nostra<\/strong>: Performancek\u00fcnstler\/Schriftsteller, San Francisco\/<br \/>\nMexico City, 2857 24th Street San Francisco, CA 94110\/USA, pocha@pochanostra.com,<br \/>\nwww.pochanostra.com<\/p>\n<p><strong>Prof. Jesko Fezer<\/strong>, Professor f\u00fcr Experimentelles Design, Hochschule f\u00fcr bildende K\u00fcnste<br \/>\nHamburg, Lerchenfeld 2, 22081 Hamburg, jesko.fezer@hfbk-hamburg.de \/<br \/>\n<a href=\"http:\/\/www.jeskofezer.de\" target=\"_blank\">www.jeskofezer.de<\/a><\/p>\n<p><strong>Cornelius Puschke<\/strong>, Gastprofessor an der HAW Hamburg f\u00fcr szenisches Schreiben\/<br \/>\nDramaturgie mit dem Schwerpunkt k\u00fcnstlerische Forschung, freier Dramaturg, u.a. f\u00fcr<br \/>\ndie Theatergruppe \u201eRimini Protokoll\u201c, Wrangelstra\u00dfe 58, 10997 Berlin, corneliuspuschke@<br \/>\nweb.de<\/p>\n<p><strong>Joshua Sofaer<\/strong>, Performancek\u00fcnstler, London, info@joshuasofaer.com<br \/>\n<a href=\"http:\/\/www.joshuasofaer.com\" target=\"_blank\">www.joshuasofaer.com<\/a><\/p>\n<p><strong>Dr. Ana Vujanovic<\/strong>, Gastprofessorin Performance Studies, Universit\u00e4t Hamburg, Fakult\u00e4t f\u00fcr<br \/>\nErziehungswissenschaft, Psychologie und Bewegungswissenschaft, Feldbrunnenstr. 70,<br \/>\n20148 Hamburg, ana.vujanovic@uni-hamburg.de, <a href=\"http:\/\/www.anavujanovic.info\" target=\"_blank\">http:\/\/www.anavujanovic.info<\/a><\/p>\n<p><strong>Dr. Stefanie Wenner<\/strong>, freie Kuratorin\/Dozentin\/Autorin (u.a. Impulse, HAU), Turinerstr. 12,<br \/>\n13347 Berlin.[:]<\/p>\n","protected":false},"excerpt":{"rendered":"<p class=\"excerpt\">[:de]WISSENSCHAFT Prof. Dr. Seven Connor, Professor of English in the University of Cambridge and Fellow of Peterhouse, Cambridge, Department of English and Humanities, Birkbeck College, Malet Street, London WC1E 7HX\/ Peterhouse Cambridge CB2 1RD\/Gro\u00dfbritannien, s.connor@bbk.ac.uk, http:\/\/www.stevenconnor.com PD Dr. Kai van Eikels, Philosoph, Kultur-, Literatur-, Theaterwissenschaftler, Institut f\u00fcr Theaterwissenschaft, Freie Universit\u00e4t Berlin, Grunewaldstr. 35, 12165 Berlin, alles. fliesst@gmx.net Dr. Stephan Lanz,&hellip;<\/p>\n<p class=\"more-link-p\"><a class=\"btn btn-default\" href=\"http:\/\/performingcitizenship.de\/data\/netzwerk\/\">Read more<\/a><\/p>\n","protected":false},"author":4,"featured_media":0,"parent":0,"menu_order":0,"comment_status":"closed","ping_status":"closed","template":"","meta":{"spay_email":""},"jetpack_sharing_enabled":true,"jetpack_shortlink":"https:\/\/wp.me\/P5HiMl-21","_links":{"self":[{"href":"http:\/\/performingcitizenship.de\/data\/wp-json\/wp\/v2\/pages\/125"}],"collection":[{"href":"http:\/\/performingcitizenship.de\/data\/wp-json\/wp\/v2\/pages"}],"about":[{"href":"http:\/\/performingcitizenship.de\/data\/wp-json\/wp\/v2\/types\/page"}],"author":[{"embeddable":true,"href":"http:\/\/performingcitizenship.de\/data\/wp-json\/wp\/v2\/users\/4"}],"replies":[{"embeddable":true,"href":"http:\/\/performingcitizenship.de\/data\/wp-json\/wp\/v2\/comments?post=125"}],"version-history":[{"count":18,"href":"http:\/\/performingcitizenship.de\/data\/wp-json\/wp\/v2\/pages\/125\/revisions"}],"predecessor-version":[{"id":439,"href":"http:\/\/performingcitizenship.de\/data\/wp-json\/wp\/v2\/pages\/125\/revisions\/439"}],"wp:attachment":[{"href":"http:\/\/performingcitizenship.de\/data\/wp-json\/wp\/v2\/media?parent=125"}],"curies":[{"name":"wp","href":"https:\/\/api.w.org\/{rel}","templated":true}]}}